{"id":726,"date":"2021-03-13T11:08:43","date_gmt":"2021-03-13T10:08:43","guid":{"rendered":"https:\/\/www.sandersusbs.com\/privacy\/"},"modified":"2025-05-10T13:48:40","modified_gmt":"2025-05-10T11:48:40","slug":"privacy","status":"publish","type":"page","link":"https:\/\/www.sandersusbs.com\/de\/privacy\/","title":{"rendered":"Datenschutzerkl\u00e4rung"},"content":{"rendered":"\r\n<h2 class=\"wp-block-heading\" data-start=\"230\" data-end=\"271\"><strong data-start=\"233\" data-end=\"271\">Datenschutzerkl\u00e4rung \u2013 SUST BD LLC<\/strong><\/h2>\r\n<p class=\"\" data-start=\"273\" data-end=\"296\">Stand: 10. Mai 2025<\/p>\r\n<p class=\"\" data-start=\"298\" data-end=\"657\">Der Schutz Ihrer personenbezogenen Daten ist uns ein wichtiges Anliegen. Mit dieser Datenschutzerkl\u00e4rung informieren wir Sie dar\u00fcber, wie <strong data-start=\"436\" data-end=\"451\">SUST BD LLC<\/strong>, ein in den USA ans\u00e4ssiges Unternehmen mit Spezialisierung auf US-Steuerberatung, Ihre personenbezogenen Daten verarbeitet, wenn Sie unsere Website besuchen oder unsere Dienstleistungen in Anspruch nehmen.<\/p>\r\n<h3 class=\"\" data-start=\"659\" data-end=\"682\">1. Verantwortlicher<\/h3>\r\n<p class=\"\" data-start=\"683\" data-end=\"805\"><strong data-start=\"683\" data-end=\"698\">SUST BD LLC<\/strong><br data-start=\"698\" data-end=\"701\" \/>30 N Gould St Ste N, Sheridan, WY 82801, United States<br data-start=\"735\" data-end=\"738\" \/>E-Mail: info@sandersusbs.com<br data-start=\"771\" data-end=\"774\" \/>Website: www.sandersusbs.com<\/p>\r\n<p class=\"\" data-start=\"807\" data-end=\"915\">SUST BD LLC ist im Sinne der Datenschutz-Grundverordnung (DSGVO) Verantwortlicher f\u00fcr die Datenverarbeitung.<\/p>\r\n<h3 class=\"\" data-start=\"917\" data-end=\"974\">2. Welche personenbezogenen Daten werden verarbeitet?<\/h3>\r\n<p class=\"\" data-start=\"975\" data-end=\"1107\">Wir verarbeiten personenbezogene Daten, die Sie uns im Rahmen einer Anfrage oder Beauftragung \u00fcbermitteln. Dazu z\u00e4hlen insbesondere:<\/p>\r\n<ul data-start=\"1109\" data-end=\"1360\">\r\n<li class=\"\" data-start=\"1109\" data-end=\"1130\">\r\n<p class=\"\" data-start=\"1111\" data-end=\"1130\">Vor- und Nachname<\/p>\r\n<\/li>\r\n<li class=\"\" data-start=\"1131\" data-end=\"1144\">\r\n<p class=\"\" data-start=\"1133\" data-end=\"1144\">Anschrift<\/p>\r\n<\/li>\r\n<li class=\"\" data-start=\"1145\" data-end=\"1163\">\r\n<p class=\"\" data-start=\"1147\" data-end=\"1163\">E-Mail-Adresse<\/p>\r\n<\/li>\r\n<li class=\"\" data-start=\"1164\" data-end=\"1181\">\r\n<p class=\"\" data-start=\"1166\" data-end=\"1181\">Telefonnummer<\/p>\r\n<\/li>\r\n<li class=\"\" data-start=\"1182\" data-end=\"1198\">\r\n<p class=\"\" data-start=\"1184\" data-end=\"1198\">Nationalit\u00e4t<\/p>\r\n<\/li>\r\n<li class=\"\" data-start=\"1199\" data-end=\"1280\">\r\n<p class=\"\" data-start=\"1201\" data-end=\"1280\">Steueridentifikationsnummer \/ Sozialversicherungsnummer (sofern erforderlich)<\/p>\r\n<\/li>\r\n<li class=\"\" data-start=\"1281\" data-end=\"1360\">\r\n<p class=\"\" data-start=\"1283\" data-end=\"1360\">Finanz- und Steuerdaten (z.\u202fB. Einkommen, Steuererkl\u00e4rungen, Steuerbescheide)<\/p>\r\n<\/li>\r\n<\/ul>\r\n<h3 class=\"\" data-start=\"1362\" data-end=\"1411\">3. Zweck und Rechtsgrundlage der Verarbeitung<\/h3>\r\n<p class=\"\" data-start=\"1412\" data-end=\"1463\">Die Datenverarbeitung erfolgt zu folgenden Zwecken:<\/p>\r\n<ul data-start=\"1465\" data-end=\"1689\">\r\n<li class=\"\" data-start=\"1465\" data-end=\"1532\">\r\n<p class=\"\" data-start=\"1467\" data-end=\"1532\">Erbringung von Steuerberatungs- und Compliance-Dienstleistungen<\/p>\r\n<\/li>\r\n<li class=\"\" data-start=\"1533\" data-end=\"1560\">\r\n<p class=\"\" data-start=\"1535\" data-end=\"1560\">Kommunikation mit Ihnen<\/p>\r\n<\/li>\r\n<li class=\"\" data-start=\"1561\" data-end=\"1597\">\r\n<p class=\"\" data-start=\"1563\" data-end=\"1597\">Vertragserf\u00fcllung und -anbahnung<\/p>\r\n<\/li>\r\n<li class=\"\" data-start=\"1598\" data-end=\"1663\">\r\n<p class=\"\" data-start=\"1600\" data-end=\"1663\">Erf\u00fcllung gesetzlicher Verpflichtungen (z.\u202fB. US-Steuerrecht)<\/p>\r\n<\/li>\r\n<li class=\"\" data-start=\"1664\" data-end=\"1689\">\r\n<p class=\"\" data-start=\"1666\" data-end=\"1689\">IT- und Datensicherheit<\/p>\r\n<\/li>\r\n<\/ul>\r\n<p class=\"\" data-start=\"1691\" data-end=\"1855\">Rechtsgrundlagen sind Art. 6 Abs. 1 lit. a (Einwilligung), lit. b (Vertragserf\u00fcllung), lit. c (gesetzliche Verpflichtung) und lit. f DSGVO (berechtigtes Interesse).<\/p>\r\n<h3 class=\"\" data-start=\"1857\" data-end=\"1882\">4. Aufbewahrungsdauer<\/h3>\r\n<p class=\"\" data-start=\"1883\" data-end=\"2068\">Personenbezogene Daten werden nur so lange gespeichert, wie dies f\u00fcr die oben genannten Zwecke erforderlich ist oder gesetzliche Aufbewahrungspflichten bestehen (z.\u202fB. steuerrechtlich).<\/p>\r\n<h3 class=\"\" data-start=\"2070\" data-end=\"2097\">5. Weitergabe an Dritte<\/h3>\r\n<p class=\"\" data-start=\"2098\" data-end=\"2396\">Wir geben Ihre Daten nur an Dritte weiter, wenn dies f\u00fcr die Vertragserf\u00fcllung notwendig ist (z.\u202fB. Softwareanbieter, IT-Dienstleister), wir gesetzlich dazu verpflichtet sind oder Sie ausdr\u00fccklich eingewilligt haben. Mit Auftragsverarbeitern schlie\u00dfen wir entsprechende Vertr\u00e4ge gem. Art. 28 DSGVO.<\/p>\r\n<h3 class=\"\" data-start=\"2398\" data-end=\"2438\">6. Daten\u00fcbermittlung in Drittstaaten<\/h3>\r\n<p class=\"\" data-start=\"2439\" data-end=\"2748\">Als US-Unternehmen kann es vorkommen, dass personenbezogene Daten au\u00dferhalb der EU\/des EWR verarbeitet werden, insbesondere in den USA. In solchen F\u00e4llen stellen wir durch geeignete Garantien (z.\u202fB. Standardvertragsklauseln der EU-Kommission) sicher, dass ein angemessenes Datenschutzniveau gew\u00e4hrleistet ist.<\/p>\r\n<h3 class=\"\" data-start=\"2750\" data-end=\"2768\">7. Ihre Rechte<\/h3>\r\n<p class=\"\" data-start=\"2769\" data-end=\"2789\">Sie haben das Recht:<\/p>\r\n<ul data-start=\"2791\" data-end=\"3337\">\r\n<li class=\"\" data-start=\"2791\" data-end=\"2861\">\r\n<p class=\"\" data-start=\"2793\" data-end=\"2861\">Auskunft \u00fcber Ihre gespeicherten Daten zu erhalten (Art. 15 DSGVO)<\/p>\r\n<\/li>\r\n<li class=\"\" data-start=\"2862\" data-end=\"2920\">\r\n<p class=\"\" data-start=\"2864\" data-end=\"2920\">unrichtige Daten berichtigen zu lassen (Art. 16 DSGVO)<\/p>\r\n<\/li>\r\n<li class=\"\" data-start=\"2921\" data-end=\"2969\">\r\n<p class=\"\" data-start=\"2923\" data-end=\"2969\">Ihre Daten l\u00f6schen zu lassen (Art. 17 DSGVO)<\/p>\r\n<\/li>\r\n<li class=\"\" data-start=\"2970\" data-end=\"3029\">\r\n<p class=\"\" data-start=\"2972\" data-end=\"3029\">die Verarbeitung einschr\u00e4nken zu lassen (Art. 18 DSGVO)<\/p>\r\n<\/li>\r\n<li class=\"\" data-start=\"3030\" data-end=\"3095\">\r\n<p class=\"\" data-start=\"3032\" data-end=\"3095\">Widerspruch gegen die Verarbeitung einzulegen (Art. 21 DSGVO)<\/p>\r\n<\/li>\r\n<li class=\"\" data-start=\"3096\" data-end=\"3168\">\r\n<p class=\"\" data-start=\"3098\" data-end=\"3168\">Ihre Daten in einem \u00fcbertragbaren Format zu erhalten (Art. 20 DSGVO)<\/p>\r\n<\/li>\r\n<li class=\"\" data-start=\"3169\" data-end=\"3337\">\r\n<p class=\"\" data-start=\"3171\" data-end=\"3337\">sich bei der zust\u00e4ndigen Aufsichtsbeh\u00f6rde zu beschweren, z.\u202fB. beim<br data-start=\"3238\" data-end=\"3241\" \/><strong data-start=\"3243\" data-end=\"3314\">Bundesbeauftragten f\u00fcr den Datenschutz und die Informationsfreiheit<\/strong><br data-start=\"3314\" data-end=\"3317\" \/>(<a class=\"cursor-pointer\" target=\"_new\" rel=\"noopener\" data-start=\"3320\" data-end=\"3336\">www.bfdi.bund.de<\/a>)<\/p>\r\n<\/li>\r\n<\/ul>\r\n<h3 class=\"\" data-start=\"3339\" data-end=\"3356\">8. Sicherheit<\/h3>\r\n<p class=\"\" data-start=\"3357\" data-end=\"3500\">Wir treffen geeignete technische und organisatorische Ma\u00dfnahmen, um Ihre Daten vor Verlust, Missbrauch oder unberechtigtem Zugriff zu sch\u00fctzen.<\/p>\r\n<h3 class=\"\" data-start=\"3502\" data-end=\"3516\">9. Kontakt<\/h3>\r\n<p class=\"\" data-start=\"3517\" data-end=\"3637\">Bei Fragen zur Verarbeitung Ihrer personenbezogenen Daten oder zur Geltendmachung Ihrer Rechte wenden Sie sich bitte an:<\/p>\r\n<p class=\"\" data-start=\"3639\" data-end=\"3758\"><strong data-start=\"3639\" data-end=\"3650\">E-Mail:<\/strong> info@sandersusbs.com<br data-start=\"3702\" data-end=\"3705\" \/><strong data-start=\"3705\" data-end=\"3723\">Postanschrift:<\/strong> 30 N Gould St Ste N, Sheridan, WY 82801, United States<\/p>\r\n","protected":false},"excerpt":{"rendered":"<p>Datenschutzerkl\u00e4rung \u2013 SUST BD LLC Stand: 10. Mai 2025 Der Schutz Ihrer personenbezogenen Daten ist uns ein wichtiges Anliegen. Mit dieser Datenschutzerkl\u00e4rung informieren wir Sie dar\u00fcber, wie SUST BD LLC, ein in den USA ans\u00e4ssiges Unternehmen mit Spezialisierung auf US-Steuerberatung, Ihre personenbezogenen Daten verarbeitet, wenn Sie unsere Website besuchen oder unsere Dienstleistungen in Anspruch nehmen. [&hellip;]<\/p>\n","protected":false},"author":2,"featured_media":0,"parent":0,"menu_order":0,"comment_status":"closed","ping_status":"closed","template":"template-clean.php","meta":{"_acf_changed":false,"footnotes":""},"class_list":["post-726","page","type-page","status-publish","hentry"],"acf":[],"yoast_head":"<!-- This site is optimized with the Yoast SEO plugin v25.1 - https:\/\/yoast.com\/wordpress\/plugins\/seo\/ -->\n<title>Datenschutzerkl\u00e4rung - Sanders US Tax<\/title>\n<meta name=\"robots\" content=\"index, follow, max-snippet:-1, max-image-preview:large, max-video-preview:-1\" \/>\n<link rel=\"canonical\" href=\"https:\/\/www.sandersusbs.com\/de\/privacy\/\" \/>\n<meta property=\"og:locale\" content=\"de_DE\" \/>\n<meta property=\"og:type\" content=\"article\" \/>\n<meta property=\"og:title\" content=\"Datenschutzerkl\u00e4rung - Sanders US Tax\" \/>\n<meta property=\"og:description\" content=\"Datenschutzerkl\u00e4rung \u2013 SUST BD LLC Stand: 10. Mai 2025 Der Schutz Ihrer personenbezogenen Daten ist uns ein wichtiges Anliegen. Mit dieser Datenschutzerkl\u00e4rung informieren wir Sie dar\u00fcber, wie SUST BD LLC, ein in den USA ans\u00e4ssiges Unternehmen mit Spezialisierung auf US-Steuerberatung, Ihre personenbezogenen Daten verarbeitet, wenn Sie unsere Website besuchen oder unsere Dienstleistungen in Anspruch nehmen. [&hellip;]\" \/>\n<meta property=\"og:url\" content=\"https:\/\/www.sandersusbs.com\/de\/privacy\/\" \/>\n<meta property=\"og:site_name\" content=\"Sanders US Tax\" \/>\n<meta property=\"article:modified_time\" content=\"2025-05-10T11:48:40+00:00\" \/>\n<meta name=\"twitter:card\" content=\"summary_large_image\" \/>\n<meta name=\"twitter:label1\" content=\"Gesch\u00e4tzte Lesezeit\" \/>\n\t<meta name=\"twitter:data1\" content=\"3\u00a0Minuten\" \/>\n<!-- \/ Yoast SEO plugin. -->","yoast_head_json":{"title":"Datenschutzerkl\u00e4rung - Sanders US Tax","robots":{"index":"index","follow":"follow","max-snippet":"max-snippet:-1","max-image-preview":"max-image-preview:large","max-video-preview":"max-video-preview:-1"},"canonical":"https:\/\/www.sandersusbs.com\/de\/privacy\/","og_locale":"de_DE","og_type":"article","og_title":"Datenschutzerkl\u00e4rung - Sanders US Tax","og_description":"Datenschutzerkl\u00e4rung \u2013 SUST BD LLC Stand: 10. Mai 2025 Der Schutz Ihrer personenbezogenen Daten ist uns ein wichtiges Anliegen. Mit dieser Datenschutzerkl\u00e4rung informieren wir Sie dar\u00fcber, wie SUST BD LLC, ein in den USA ans\u00e4ssiges Unternehmen mit Spezialisierung auf US-Steuerberatung, Ihre personenbezogenen Daten verarbeitet, wenn Sie unsere Website besuchen oder unsere Dienstleistungen in Anspruch nehmen. [&hellip;]","og_url":"https:\/\/www.sandersusbs.com\/de\/privacy\/","og_site_name":"Sanders US Tax","article_modified_time":"2025-05-10T11:48:40+00:00","twitter_card":"summary_large_image","twitter_misc":{"Gesch\u00e4tzte Lesezeit":"3\u00a0Minuten"},"schema":{"@context":"https:\/\/schema.org","@graph":[{"@type":"WebPage","@id":"https:\/\/www.sandersusbs.com\/de\/privacy\/","url":"https:\/\/www.sandersusbs.com\/de\/privacy\/","name":"Datenschutzerkl\u00e4rung - Sanders US Tax","isPartOf":{"@id":"https:\/\/www.sandersusbs.com\/de\/#website"},"datePublished":"2021-03-13T10:08:43+00:00","dateModified":"2025-05-10T11:48:40+00:00","inLanguage":"de","potentialAction":[{"@type":"ReadAction","target":["https:\/\/www.sandersusbs.com\/de\/privacy\/"]}]},{"@type":"WebSite","@id":"https:\/\/www.sandersusbs.com\/de\/#website","url":"https:\/\/www.sandersusbs.com\/de\/","name":"Sanders US Tax","description":"Sanders US Tax","potentialAction":[{"@type":"SearchAction","target":{"@type":"EntryPoint","urlTemplate":"https:\/\/www.sandersusbs.com\/de\/?s={search_term_string}"},"query-input":{"@type":"PropertyValueSpecification","valueRequired":true,"valueName":"search_term_string"}}],"inLanguage":"de"}]}},"_links":{"self":[{"href":"https:\/\/www.sandersusbs.com\/de\/wp-json\/wp\/v2\/pages\/726","targetHints":{"allow":["GET"]}}],"collection":[{"href":"https:\/\/www.sandersusbs.com\/de\/wp-json\/wp\/v2\/pages"}],"about":[{"href":"https:\/\/www.sandersusbs.com\/de\/wp-json\/wp\/v2\/types\/page"}],"author":[{"embeddable":true,"href":"https:\/\/www.sandersusbs.com\/de\/wp-json\/wp\/v2\/users\/2"}],"replies":[{"embeddable":true,"href":"https:\/\/www.sandersusbs.com\/de\/wp-json\/wp\/v2\/comments?post=726"}],"version-history":[{"count":3,"href":"https:\/\/www.sandersusbs.com\/de\/wp-json\/wp\/v2\/pages\/726\/revisions"}],"predecessor-version":[{"id":895,"href":"https:\/\/www.sandersusbs.com\/de\/wp-json\/wp\/v2\/pages\/726\/revisions\/895"}],"wp:attachment":[{"href":"https:\/\/www.sandersusbs.com\/de\/wp-json\/wp\/v2\/media?parent=726"}],"curies":[{"name":"wp","href":"https:\/\/api.w.org\/{rel}","templated":true}]}}